{"id":4385,"date":"2024-11-20T12:05:11","date_gmt":"2024-11-20T12:05:11","guid":{"rendered":"https:\/\/paelo.ca\/inspection-report\/"},"modified":"2025-01-20T11:36:23","modified_gmt":"2025-01-20T11:36:23","slug":"inspection-report","status":"publish","type":"page","link":"https:\/\/paelo.ca\/en\/inspection-report\/","title":{"rendered":"Inspection Report"},"content":{"rendered":"\t\t<div data-elementor-type=\"wp-page\" data-elementor-id=\"4385\" class=\"elementor elementor-4385 elementor-3702\" data-elementor-post-type=\"page\">\n\t\t\t\t\t\t<section class=\"elementor-section elementor-top-section elementor-element elementor-element-24e933da elementor-section-boxed elementor-section-height-default elementor-section-height-default\" data-id=\"24e933da\" data-element_type=\"section\">\n\t\t\t\t\t\t<div class=\"elementor-container elementor-column-gap-no\">\n\t\t\t\t\t<div class=\"elementor-column elementor-col-100 elementor-top-column elementor-element elementor-element-54d5dd94\" data-id=\"54d5dd94\" data-element_type=\"column\">\n\t\t\t<div class=\"elementor-widget-wrap elementor-element-populated\">\n\t\t\t\t\t\t<div class=\"elementor-element elementor-element-4c7c714 elementor-widget elementor-widget-image\" data-id=\"4c7c714\" data-element_type=\"widget\" data-widget_type=\"image.default\">\n\t\t\t\t<div class=\"elementor-widget-container\">\n\t\t\t\t\t\t\t\t\t\t\t\t\t\t\t<img fetchpriority=\"high\" decoding=\"async\" width=\"2000\" height=\"1333\" src=\"https:\/\/paelo.ca\/wp-content\/uploads\/2024\/11\/Rapport-inspection.jpg\" class=\"attachment-full size-full wp-image-4337\" alt=\"\" srcset=\"https:\/\/paelo.ca\/wp-content\/uploads\/2024\/11\/Rapport-inspection.jpg 2000w, https:\/\/paelo.ca\/wp-content\/uploads\/2024\/11\/Rapport-inspection-300x200.jpg 300w, https:\/\/paelo.ca\/wp-content\/uploads\/2024\/11\/Rapport-inspection-1024x682.jpg 1024w, https:\/\/paelo.ca\/wp-content\/uploads\/2024\/11\/Rapport-inspection-768x512.jpg 768w, https:\/\/paelo.ca\/wp-content\/uploads\/2024\/11\/Rapport-inspection-1536x1024.jpg 1536w, https:\/\/paelo.ca\/wp-content\/uploads\/2024\/11\/Rapport-inspection-600x400.jpg 600w\" sizes=\"(max-width: 2000px) 100vw, 2000px\" \/>\t\t\t\t\t\t\t\t\t\t\t\t\t\t\t<\/div>\n\t\t\t\t<\/div>\n\t\t\t\t<div class=\"elementor-element elementor-element-4924963 elementor-widget elementor-widget-text-editor\" data-id=\"4924963\" data-element_type=\"widget\" data-widget_type=\"text-editor.default\">\n\t\t\t\t<div class=\"elementor-widget-container\">\n\t\t\t\t\t\t\t\t\t<h2>Track And Resolve Non-conformities Efficiently<\/h2>\n<p><a href=\"www.paelo.ca\/en\" target=\"_blank\" rel=\"noopener\">PAELO<\/a>\u2019s Inspection Report module is designed to simplify safety and compliance processes. Identify non-compliant points,<br \/>document them with photos, and follow the steps to resolution with clear, intuitive reporting tools. Ideal for the industrial and mining sectors, this<br \/>tool enables continuous improvement of working conditions while ensuring compliance with standards.<\/p>\n\t\t\t\t\t\t\t\t<\/div>\n\t\t\t\t<\/div>\n\t\t\t\t<div class=\"elementor-element elementor-element-2c3ca6b3 elementor-widget elementor-widget-text-editor\" data-id=\"2c3ca6b3\" data-element_type=\"widget\" data-widget_type=\"text-editor.default\">\n\t\t\t\t<div class=\"elementor-widget-container\">\n\t\t\t\t\t\t\t\t\t<div class=\"features\">\n<div class=\"row\">\n<div class=\"col-lg-6 col-md-6\">\n<div class=\"content\">\n<h3>Services Included<\/h3>\n<ul>\n<li>Inspection follow-up with before-and-after photos<\/li>\n<li>Automatic notifications for relevant managers<\/li>\n<li>Generate customized reports<\/li>\n<li>Managing deadlines for resolving non-conformities<\/li>\n<\/ul>\n<\/div>\n<\/div>\n<div class=\"col-lg-6 col-md-6\">\n<div class=\"content\">\n<h3>Service Benefits<\/h3>\n<ul>\n<li>Full traceability of inspections<\/li>\n<li>Reducing safety risks<\/li>\n<li>Better visibility of pending tasks<\/li>\n<li>Detailed reports for in-depth analysis<\/li>\n<\/ul>\n<\/div>\n<\/div>\n<\/div>\n<\/div>\n\t\t\t\t\t\t\t\t<\/div>\n\t\t\t\t<\/div>\n\t\t\t\t<div class=\"elementor-element elementor-element-63dc9835 elementor-widget elementor-widget-text-editor\" data-id=\"63dc9835\" data-element_type=\"widget\" data-widget_type=\"text-editor.default\">\n\t\t\t\t<div class=\"elementor-widget-container\">\n\t\t\t\t\t\t\t\t\t<p>The <a href=\"www.paelo.ca\/en\" target=\"_blank\" rel=\"noopener\">PAELO<\/a> inspection report is not just a monitoring tool; it enables companies to take a proactive approach to occupational health and safety. By making data accessible and usable, this feature helps to reduce accidents, improve working conditions and reinforce regulatory compliance.<\/p>\n\t\t\t\t\t\t\t\t<\/div>\n\t\t\t\t<\/div>\n\t\t\t\t<div class=\"elementor-element elementor-element-798e9e06 elementor-widget elementor-widget-crysa_service_details\" data-id=\"798e9e06\" data-element_type=\"widget\" data-widget_type=\"crysa_service_details.default\">\n\t\t\t\t<div class=\"elementor-widget-container\">\n\t\t\t\t\t\r\n    <div class=\"services-more\">\r\n\t    <h2>Fonctionnalit\u00e9s populaires<\/h2>\r\n\t    <div class=\"row\">\r\n\t    \t\t        <div class=\"col-lg-6 col-md-6\">\r\n\t            <div class=\"item\">\r\n\t                                        <i class=\"flaticon-qr-code\"><\/i>\r\n                                        \t                <h4><a href=\"https:\/\/paelo.ca\/lecture-des-procedures-et-fds\/\">Lecture des proc\u00e9dures et FDS<\/a><\/h4>\r\n\t                <p>\r\n\t                   Consultez et validez vos proc\u00e9dures et FDS avec QR codes et notifications int\u00e9gr\u00e9es.\t                <\/p>\r\n\t            <\/div>\r\n\t        <\/div>\r\n\t        \t        <div class=\"col-lg-6 col-md-6\">\r\n\t            <div class=\"item\">\r\n\t                                        <i class=\"flaticon-virtual-reality-glasses\"><\/i>\r\n                                        \t                <h4><a href=\"https:\/\/paelo.ca\/environnement-3d\/\">Environnement 3D<\/a><\/h4>\r\n\t                <p>\r\n\t                   Formez \u00e0 distance dans un environnement immersif sans bruit ni poussi\u00e8re.\t                <\/p>\r\n\t            <\/div>\r\n\t        <\/div>\r\n\t        \t    <\/div>\r\n\t<\/div>\r\n\r\n\t\t\t\t\t<\/div>\n\t\t\t\t<\/div>\n\t\t\t\t\t<\/div>\n\t\t<\/div>\n\t\t\t\t\t<\/div>\n\t\t<\/section>\n\t\t\t\t<\/div>\n\t\t","protected":false},"excerpt":{"rendered":"<p>Track And Resolve Non-conformities Efficiently PAELO\u2019s Inspection Report module is designed to simplify safety and compliance processes. Identify non-compliant points,document them with photos, and follow the steps to resolution with clear, intuitive reporting tools. Ideal for the industrial and mining sectors, thistool enables continuous improvement of working conditions while ensuring compliance with standards. Services Included [&hellip;]<\/p>\n","protected":false},"author":1,"featured_media":0,"parent":0,"menu_order":0,"comment_status":"closed","ping_status":"closed","template":"","meta":{"om_disable_all_campaigns":false,"_monsterinsights_skip_tracking":false,"_monsterinsights_sitenote_active":false,"_monsterinsights_sitenote_note":"","_monsterinsights_sitenote_category":0,"footnotes":""},"class_list":["post-4385","page","type-page","status-publish","hentry"],"aioseo_notices":[],"_links":{"self":[{"href":"https:\/\/paelo.ca\/en\/wp-json\/wp\/v2\/pages\/4385","targetHints":{"allow":["GET"]}}],"collection":[{"href":"https:\/\/paelo.ca\/en\/wp-json\/wp\/v2\/pages"}],"about":[{"href":"https:\/\/paelo.ca\/en\/wp-json\/wp\/v2\/types\/page"}],"author":[{"embeddable":true,"href":"https:\/\/paelo.ca\/en\/wp-json\/wp\/v2\/users\/1"}],"replies":[{"embeddable":true,"href":"https:\/\/paelo.ca\/en\/wp-json\/wp\/v2\/comments?post=4385"}],"version-history":[{"count":12,"href":"https:\/\/paelo.ca\/en\/wp-json\/wp\/v2\/pages\/4385\/revisions"}],"predecessor-version":[{"id":4462,"href":"https:\/\/paelo.ca\/en\/wp-json\/wp\/v2\/pages\/4385\/revisions\/4462"}],"wp:attachment":[{"href":"https:\/\/paelo.ca\/en\/wp-json\/wp\/v2\/media?parent=4385"}],"curies":[{"name":"wp","href":"https:\/\/api.w.org\/{rel}","templated":true}]}}