{"id":4381,"date":"2024-11-26T12:09:51","date_gmt":"2024-11-26T12:09:51","guid":{"rendered":"https:\/\/paelo.ca\/video-library\/"},"modified":"2025-01-20T11:36:23","modified_gmt":"2025-01-20T11:36:23","slug":"video-library","status":"publish","type":"page","link":"https:\/\/paelo.ca\/en\/video-library\/","title":{"rendered":"Video Library"},"content":{"rendered":"\t\t<div data-elementor-type=\"wp-page\" data-elementor-id=\"4381\" class=\"elementor elementor-4381 elementor-3736\" data-elementor-post-type=\"page\">\n\t\t\t\t\t\t<section class=\"elementor-section elementor-top-section elementor-element elementor-element-201b526 elementor-section-boxed elementor-section-height-default elementor-section-height-default\" data-id=\"201b526\" data-element_type=\"section\">\n\t\t\t\t\t\t<div class=\"elementor-container elementor-column-gap-no\">\n\t\t\t\t\t<div class=\"elementor-column elementor-col-100 elementor-top-column elementor-element elementor-element-3de0e55d\" data-id=\"3de0e55d\" data-element_type=\"column\">\n\t\t\t<div class=\"elementor-widget-wrap elementor-element-populated\">\n\t\t\t\t\t\t<div class=\"elementor-element elementor-element-2c6a66ac elementor-widget elementor-widget-image\" data-id=\"2c6a66ac\" data-element_type=\"widget\" data-widget_type=\"image.default\">\n\t\t\t\t<div class=\"elementor-widget-container\">\n\t\t\t\t\t\t\t\t\t\t\t\t\t\t\t<img fetchpriority=\"high\" decoding=\"async\" width=\"2500\" height=\"1668\" src=\"https:\/\/paelo.ca\/wp-content\/uploads\/2024\/11\/Videotheque.jpg\" class=\"attachment-full size-full wp-image-4341\" alt=\"\" srcset=\"https:\/\/paelo.ca\/wp-content\/uploads\/2024\/11\/Videotheque.jpg 2500w, https:\/\/paelo.ca\/wp-content\/uploads\/2024\/11\/Videotheque-300x200.jpg 300w, https:\/\/paelo.ca\/wp-content\/uploads\/2024\/11\/Videotheque-1024x683.jpg 1024w, https:\/\/paelo.ca\/wp-content\/uploads\/2024\/11\/Videotheque-768x512.jpg 768w, https:\/\/paelo.ca\/wp-content\/uploads\/2024\/11\/Videotheque-1536x1025.jpg 1536w, https:\/\/paelo.ca\/wp-content\/uploads\/2024\/11\/Videotheque-2048x1366.jpg 2048w, https:\/\/paelo.ca\/wp-content\/uploads\/2024\/11\/Videotheque-600x400.jpg 600w\" sizes=\"(max-width: 2500px) 100vw, 2500px\" \/>\t\t\t\t\t\t\t\t\t\t\t\t\t\t\t<\/div>\n\t\t\t\t<\/div>\n\t\t\t\t<div class=\"elementor-element elementor-element-490d8e9d elementor-widget elementor-widget-text-editor\" data-id=\"490d8e9d\" data-element_type=\"widget\" data-widget_type=\"text-editor.default\">\n\t\t\t\t<div class=\"elementor-widget-container\">\n\t\t\t\t\t\t\t\t\t<h2>A one-stop shop for all your video resources<\/h2>\n<p><a href=\"www.paelo.ca\/en\" target=\"_blank\" rel=\"noopener\">PAELO<\/a>\u2019s Video Library simplifies the management and sharing of your video content. Whether it\u2019s tutorials, training courses or procedure videos, everything is organized in a centralized space, accessible to your teams at any time.<\/p>\n\t\t\t\t\t\t\t\t<\/div>\n\t\t\t\t<\/div>\n\t\t\t\t<div class=\"elementor-element elementor-element-31b63ae9 elementor-widget elementor-widget-text-editor\" data-id=\"31b63ae9\" data-element_type=\"widget\" data-widget_type=\"text-editor.default\">\n\t\t\t\t<div class=\"elementor-widget-container\">\n\t\t\t\t\t\t\t\t\t<div class=\"features\">\n<div class=\"row\">\n<div class=\"col-lg-6 col-md-6\">\n<div class=\"content\">\n<h3>Services Included<\/h3>\n<ul>\n<li>High-definition video upload and storage<\/li>\n<li>Organization by categories and labels<\/li>\n<li>Access controlled by user roles<\/li>\n<li>Viewing by streaming or downloading<\/li>\n<\/ul>\n<\/div>\n<\/div>\n<div class=\"col-lg-6 col-md-6\">\n<div class=\"content\">\n<h3>Service Benefits<\/h3>\n<ul>\n<li>Quick access to training videos<\/li>\n<li>Reduce time spent searching for educational resources<\/li>\n<li>Secure, centralized storage of your content<\/li>\n<li>Interactive training and greater team commitment<\/li>\n<\/ul>\n<\/div>\n<\/div>\n<\/div>\n<\/div>\n\t\t\t\t\t\t\t\t<\/div>\n\t\t\t\t<\/div>\n\t\t\t\t<div class=\"elementor-element elementor-element-5dfc9be elementor-widget elementor-widget-text-editor\" data-id=\"5dfc9be\" data-element_type=\"widget\" data-widget_type=\"text-editor.default\">\n\t\t\t\t<div class=\"elementor-widget-container\">\n\t\t\t\t\t\t\t\t\t<p>This feature is ideal for companies wishing to modernize their learning resources while encouraging self-directed learning among their employees.<\/p>\n\t\t\t\t\t\t\t\t<\/div>\n\t\t\t\t<\/div>\n\t\t\t\t<div class=\"elementor-element elementor-element-79752e7a elementor-widget elementor-widget-crysa_service_details\" data-id=\"79752e7a\" data-element_type=\"widget\" data-widget_type=\"crysa_service_details.default\">\n\t\t\t\t<div class=\"elementor-widget-container\">\n\t\t\t\t\t\r\n    <div class=\"services-more\">\r\n\t    <h2>Fonctionnalit\u00e9s populaires<\/h2>\r\n\t    <div class=\"row\">\r\n\t    \t\t        <div class=\"col-lg-6 col-md-6\">\r\n\t            <div class=\"item\">\r\n\t                                        <i class=\"flaticon-technology-6\"><\/i>\r\n                                        \t                <h4><a href=\"https:\/\/paelo.ca\/carnet-de-compagnonnage-interactif\/\">Carnet interactif<\/a><\/h4>\r\n\t                <p>\r\n\t                   Suivez les comp\u00e9tences avec un carnet num\u00e9rique valid\u00e9 par instructeurs et superviseurs.\t                <\/p>\r\n\t            <\/div>\r\n\t        <\/div>\r\n\t        \t        <div class=\"col-lg-6 col-md-6\">\r\n\t            <div class=\"item\">\r\n\t                                        <i class=\"flaticon-virtual-reality-glasses\"><\/i>\r\n                                        \t                <h4><a href=\"https:\/\/paelo.ca\/environnement-3d\/\">Environnement 3D<\/a><\/h4>\r\n\t                <p>\r\n\t                   Formez \u00e0 distance dans un environnement immersif sans bruit ni poussi\u00e8re.\t                <\/p>\r\n\t            <\/div>\r\n\t        <\/div>\r\n\t        \t    <\/div>\r\n\t<\/div>\r\n\r\n\t\t\t\t\t<\/div>\n\t\t\t\t<\/div>\n\t\t\t\t\t<\/div>\n\t\t<\/div>\n\t\t\t\t\t<\/div>\n\t\t<\/section>\n\t\t\t\t<\/div>\n\t\t","protected":false},"excerpt":{"rendered":"<p>A one-stop shop for all your video resources PAELO\u2019s Video Library simplifies the management and sharing of your video content. Whether it\u2019s tutorials, training courses or procedure videos, everything is organized in a centralized space, accessible to your teams at any time. Services Included High-definition video upload and storage Organization by categories and labels Access [&hellip;]<\/p>\n","protected":false},"author":1,"featured_media":0,"parent":0,"menu_order":0,"comment_status":"closed","ping_status":"closed","template":"","meta":{"om_disable_all_campaigns":false,"_monsterinsights_skip_tracking":false,"_monsterinsights_sitenote_active":false,"_monsterinsights_sitenote_note":"","_monsterinsights_sitenote_category":0,"footnotes":""},"class_list":["post-4381","page","type-page","status-publish","hentry"],"aioseo_notices":[],"_links":{"self":[{"href":"https:\/\/paelo.ca\/en\/wp-json\/wp\/v2\/pages\/4381","targetHints":{"allow":["GET"]}}],"collection":[{"href":"https:\/\/paelo.ca\/en\/wp-json\/wp\/v2\/pages"}],"about":[{"href":"https:\/\/paelo.ca\/en\/wp-json\/wp\/v2\/types\/page"}],"author":[{"embeddable":true,"href":"https:\/\/paelo.ca\/en\/wp-json\/wp\/v2\/users\/1"}],"replies":[{"embeddable":true,"href":"https:\/\/paelo.ca\/en\/wp-json\/wp\/v2\/comments?post=4381"}],"version-history":[{"count":6,"href":"https:\/\/paelo.ca\/en\/wp-json\/wp\/v2\/pages\/4381\/revisions"}],"predecessor-version":[{"id":4432,"href":"https:\/\/paelo.ca\/en\/wp-json\/wp\/v2\/pages\/4381\/revisions\/4432"}],"wp:attachment":[{"href":"https:\/\/paelo.ca\/en\/wp-json\/wp\/v2\/media?parent=4381"}],"curies":[{"name":"wp","href":"https:\/\/api.w.org\/{rel}","templated":true}]}}