{"id":4378,"date":"2024-11-21T12:12:38","date_gmt":"2024-11-21T12:12:38","guid":{"rendered":"https:\/\/paelo.ca\/reading-procedures-and-safety-data-sheets\/"},"modified":"2025-01-20T11:36:23","modified_gmt":"2025-01-20T11:36:23","slug":"reading-procedures-and-safety-data-sheets","status":"publish","type":"page","link":"https:\/\/paelo.ca\/en\/reading-procedures-and-safety-data-sheets\/","title":{"rendered":"Reading Procedures and Safety Data Sheets"},"content":{"rendered":"\t\t<div data-elementor-type=\"wp-page\" data-elementor-id=\"4378\" class=\"elementor elementor-4378 elementor-3694\" data-elementor-post-type=\"page\">\n\t\t\t\t\t\t<section class=\"elementor-section elementor-top-section elementor-element elementor-element-7670e878 elementor-section-boxed elementor-section-height-default elementor-section-height-default\" data-id=\"7670e878\" data-element_type=\"section\">\n\t\t\t\t\t\t<div class=\"elementor-container elementor-column-gap-no\">\n\t\t\t\t\t<div class=\"elementor-column elementor-col-100 elementor-top-column elementor-element elementor-element-4dbc9ed8\" data-id=\"4dbc9ed8\" data-element_type=\"column\">\n\t\t\t<div class=\"elementor-widget-wrap elementor-element-populated\">\n\t\t\t\t\t\t<div class=\"elementor-element elementor-element-2a51f312 elementor-widget elementor-widget-image\" data-id=\"2a51f312\" data-element_type=\"widget\" data-widget_type=\"image.default\">\n\t\t\t\t<div class=\"elementor-widget-container\">\n\t\t\t\t\t\t\t\t\t\t\t\t\t\t\t<img decoding=\"async\" src=\"https:\/\/paelo.ca\/wp-content\/uploads\/elementor\/thumbs\/Lecture-des-procedures-et-fiches-de-donnees-de-securite-scaled-qxfk4qx1ihi9mt1br0ya2jw227qwran4ex5uosa3ik.jpg\" title=\"Marine chief officer having fun watching TV\" alt=\"Marine chief officer wearing coverall and helmet on a ship or vessel having fun watching TV. Recreation during at sea\" loading=\"lazy\" \/>\t\t\t\t\t\t\t\t\t\t\t\t\t\t\t<\/div>\n\t\t\t\t<\/div>\n\t\t\t\t<div class=\"elementor-element elementor-element-3dac3ab7 elementor-widget elementor-widget-text-editor\" data-id=\"3dac3ab7\" data-element_type=\"widget\" data-widget_type=\"text-editor.default\">\n\t\t\t\t<div class=\"elementor-widget-container\">\n\t\t\t\t\t\t\t\t\t<h2>Compliance made easy<\/h2>\n<p>With <a href=\"http:\/\/www.paelo.ca\/en\" target=\"_blank\" rel=\"noopener\">PAELO<\/a>, managing Procedures and Safety Data Sheets (SDS) becomes intuitive and efficient. Thanks to the integration of QR codes and<br \/>automatic notifications, each worker can quickly access the documents required for his or her job. Ideal for safety meetings or<br \/>group training sessions, this feature ensures that all participants are fully aware of procedures, without unnecessary paperwork.<\/p>\n\t\t\t\t\t\t\t\t<\/div>\n\t\t\t\t<\/div>\n\t\t\t\t<div class=\"elementor-element elementor-element-4091584e elementor-widget elementor-widget-text-editor\" data-id=\"4091584e\" data-element_type=\"widget\" data-widget_type=\"text-editor.default\">\n\t\t\t\t<div class=\"elementor-widget-container\">\n\t\t\t\t\t\t\t\t\t<div class=\"features\">\n<div class=\"row\">\n<div class=\"col-lg-6 col-md-6\">\n<div class=\"content\">\n<h3>Services Included<\/h3>\n<ul>\n<li>Centralized management of procedures and MSDS<\/li>\n<li>QR code integration for fast access<\/li>\n<li>Validation tracking with automatic recording<\/li>\n<li>Notifications to confirm that documents have been read<\/li>\n<\/ul>\n<\/div>\n<\/div>\n<div class=\"col-lg-6 col-md-6\">\n<div class=\"content\">\n<h3>Service Benefits<\/h3>\n<ul>\n<li>Considerable time savings<\/li>\n<li>Complete traceability of validations<\/li>\n<li>Reducing the risk of non-compliance<\/li>\n<li>Ease of use for field teams<\/li>\n<\/ul>\n<\/div>\n<\/div>\n<\/div>\n<\/div>\n\t\t\t\t\t\t\t\t<\/div>\n\t\t\t\t<\/div>\n\t\t\t\t<div class=\"elementor-element elementor-element-24889571 elementor-widget elementor-widget-text-editor\" data-id=\"24889571\" data-element_type=\"widget\" data-widget_type=\"text-editor.default\">\n\t\t\t\t<div class=\"elementor-widget-container\">\n\t\t\t\t\t\t\t\t\t<p>By integrating this functionality, companies not only ensure compliance with safety standards, but also improve communication between teams. Meetings and training sessions become more fluid and interactive, thanks to modern technology that simplifies the distribution and validation of essential documents.<\/p>\n\t\t\t\t\t\t\t\t<\/div>\n\t\t\t\t<\/div>\n\t\t\t\t<div class=\"elementor-element elementor-element-e63998a elementor-widget elementor-widget-crysa_service_details\" data-id=\"e63998a\" data-element_type=\"widget\" data-widget_type=\"crysa_service_details.default\">\n\t\t\t\t<div class=\"elementor-widget-container\">\n\t\t\t\t\t\r\n    <div class=\"services-more\">\r\n\t    <h2>Fonctionnalit\u00e9s populaires<\/h2>\r\n\t    <div class=\"row\">\r\n\t    \t\t        <div class=\"col-lg-6 col-md-6\">\r\n\t            <div class=\"item\">\r\n\t                                        <i class=\"flaticon-select\"><\/i>\r\n                                        \t                <h4><a href=\"https:\/\/paelo.ca\/carnet-de-compagnonnage-interactif\/\">Carnet interactif<\/a><\/h4>\r\n\t                <p>\r\n\t                   Suivez les comp\u00e9tences avec un carnet num\u00e9rique valid\u00e9 par instructeurs et superviseurs.\t                <\/p>\r\n\t            <\/div>\r\n\t        <\/div>\r\n\t        \t        <div class=\"col-lg-6 col-md-6\">\r\n\t            <div class=\"item\">\r\n\t                                        <i class=\"flaticon-virtual-reality-glasses\"><\/i>\r\n                                        \t                <h4><a href=\"https:\/\/validthemes.net\/themeforest\/wp\/crysa\/it-mangement\/\">Environnement 3D<\/a><\/h4>\r\n\t                <p>\r\n\t                   Formez \u00e0 distance dans un environnement immersif sans bruit ni poussi\u00e8re.\t                <\/p>\r\n\t            <\/div>\r\n\t        <\/div>\r\n\t        \t    <\/div>\r\n\t<\/div>\r\n\r\n\t\t\t\t\t<\/div>\n\t\t\t\t<\/div>\n\t\t\t\t\t<\/div>\n\t\t<\/div>\n\t\t\t\t\t<\/div>\n\t\t<\/section>\n\t\t\t\t<\/div>\n\t\t","protected":false},"excerpt":{"rendered":"<p>Compliance made easy With PAELO, managing Procedures and Safety Data Sheets (SDS) becomes intuitive and efficient. Thanks to the integration of QR codes andautomatic notifications, each worker can quickly access the documents required for his or her job. Ideal for safety meetings orgroup training sessions, this feature ensures that all participants are fully aware of [&hellip;]<\/p>\n","protected":false},"author":1,"featured_media":0,"parent":0,"menu_order":0,"comment_status":"closed","ping_status":"closed","template":"","meta":{"om_disable_all_campaigns":false,"_monsterinsights_skip_tracking":false,"_monsterinsights_sitenote_active":false,"_monsterinsights_sitenote_note":"","_monsterinsights_sitenote_category":0,"footnotes":""},"class_list":["post-4378","page","type-page","status-publish","hentry"],"aioseo_notices":[],"_links":{"self":[{"href":"https:\/\/paelo.ca\/en\/wp-json\/wp\/v2\/pages\/4378","targetHints":{"allow":["GET"]}}],"collection":[{"href":"https:\/\/paelo.ca\/en\/wp-json\/wp\/v2\/pages"}],"about":[{"href":"https:\/\/paelo.ca\/en\/wp-json\/wp\/v2\/types\/page"}],"author":[{"embeddable":true,"href":"https:\/\/paelo.ca\/en\/wp-json\/wp\/v2\/users\/1"}],"replies":[{"embeddable":true,"href":"https:\/\/paelo.ca\/en\/wp-json\/wp\/v2\/comments?post=4378"}],"version-history":[{"count":4,"href":"https:\/\/paelo.ca\/en\/wp-json\/wp\/v2\/pages\/4378\/revisions"}],"predecessor-version":[{"id":4450,"href":"https:\/\/paelo.ca\/en\/wp-json\/wp\/v2\/pages\/4378\/revisions\/4450"}],"wp:attachment":[{"href":"https:\/\/paelo.ca\/en\/wp-json\/wp\/v2\/media?parent=4378"}],"curies":[{"name":"wp","href":"https:\/\/api.w.org\/{rel}","templated":true}]}}