{"id":4371,"date":"2024-11-14T11:44:35","date_gmt":"2024-11-14T11:44:35","guid":{"rendered":"https:\/\/paelo.ca\/3d-environment\/"},"modified":"2025-01-20T11:36:23","modified_gmt":"2025-01-20T11:36:23","slug":"3d-environment","status":"publish","type":"page","link":"https:\/\/paelo.ca\/en\/3d-environment\/","title":{"rendered":"3D Environment"},"content":{"rendered":"\t\t<div data-elementor-type=\"wp-page\" data-elementor-id=\"4371\" class=\"elementor elementor-4371 elementor-3681\" data-elementor-post-type=\"page\">\n\t\t\t\t\t\t<section class=\"elementor-section elementor-top-section elementor-element elementor-element-254c1da8 elementor-section-boxed elementor-section-height-default elementor-section-height-default\" data-id=\"254c1da8\" data-element_type=\"section\">\n\t\t\t\t\t\t<div class=\"elementor-container elementor-column-gap-no\">\n\t\t\t\t\t<div class=\"elementor-column elementor-col-100 elementor-top-column elementor-element elementor-element-5970e5d6\" data-id=\"5970e5d6\" data-element_type=\"column\">\n\t\t\t<div class=\"elementor-widget-wrap elementor-element-populated\">\n\t\t\t\t\t\t<div class=\"elementor-element elementor-element-2c3186e2 elementor-widget elementor-widget-image\" data-id=\"2c3186e2\" data-element_type=\"widget\" data-widget_type=\"image.default\">\n\t\t\t\t<div class=\"elementor-widget-container\">\n\t\t\t\t\t\t\t\t\t\t\t\t\t\t\t<img fetchpriority=\"high\" decoding=\"async\" width=\"1125\" height=\"750\" src=\"https:\/\/paelo.ca\/wp-content\/uploads\/2024\/11\/Service-Environnement-3D-750p.jpg\" class=\"attachment-full size-full wp-image-4345\" alt=\"\" srcset=\"https:\/\/paelo.ca\/wp-content\/uploads\/2024\/11\/Service-Environnement-3D-750p.jpg 1125w, https:\/\/paelo.ca\/wp-content\/uploads\/2024\/11\/Service-Environnement-3D-750p-300x200.jpg 300w, https:\/\/paelo.ca\/wp-content\/uploads\/2024\/11\/Service-Environnement-3D-750p-1024x683.jpg 1024w, https:\/\/paelo.ca\/wp-content\/uploads\/2024\/11\/Service-Environnement-3D-750p-768x512.jpg 768w, https:\/\/paelo.ca\/wp-content\/uploads\/2024\/11\/Service-Environnement-3D-750p-600x400.jpg 600w\" sizes=\"(max-width: 1125px) 100vw, 1125px\" \/>\t\t\t\t\t\t\t\t\t\t\t\t\t\t\t<\/div>\n\t\t\t\t<\/div>\n\t\t\t\t<div class=\"elementor-element elementor-element-7294602c elementor-widget elementor-widget-text-editor\" data-id=\"7294602c\" data-element_type=\"widget\" data-widget_type=\"text-editor.default\">\n\t\t\t\t<div class=\"elementor-widget-container\">\n\t\t\t\t\t\t\t\t\t<h2>Learn safely in immersive environments<\/h2>\n<p>With <a href=\"http:\/\/www.paelo.ca\/en\" target=\"_blank\" rel=\"noopener\">PAELO<\/a>\u2019s 3D Environment feature, your employees can discover and be trained in an immersive, realistic environment, without the constraints of the field. Whether for training on complex equipment or exploring an industrial site, this technology offers a captivating learning experience. Workers can interact with 3D models, explore every nook and cranny, and even view integrated videos to enrich their understanding.<\/p>\n\t\t\t\t\t\t\t\t<\/div>\n\t\t\t\t<\/div>\n\t\t\t\t<div class=\"elementor-element elementor-element-e2ada35 elementor-widget elementor-widget-text-editor\" data-id=\"e2ada35\" data-element_type=\"widget\" data-widget_type=\"text-editor.default\">\n\t\t\t\t<div class=\"elementor-widget-container\">\n\t\t\t\t\t\t\t\t\t<div class=\"features\">\n<div class=\"row\">\n<div class=\"col-lg-6 col-md-6\">\n<div class=\"content\">\n<h3>Services Included<\/h3>\n<ul>\n<li>Complete 3D modeling of your equipment and facilities<\/li>\n<li>Integration of videos, images and data sheets<\/li>\n<li>Free navigation in a virtual environment<\/li>\n<li>Compatibility with virtual reality devices<\/li>\n<\/ul>\n<\/div>\n<\/div>\n<div class=\"col-lg-6 col-md-6\">\n<div class=\"content\">\n<h3>Service benefits<\/h3>\n<ul>\n<li>Reducing the risks associated with on-site training<\/li>\n<li>Accessibility for remote workers<\/li>\n<li>Dust- and noise-free environment<\/li>\n<li>Improving retention through interactivity<\/li>\n<\/ul>\n<\/div>\n<\/div>\n<\/div>\n<\/div>\n\t\t\t\t\t\t\t\t<\/div>\n\t\t\t\t<\/div>\n\t\t\t\t<div class=\"elementor-element elementor-element-20f9aac1 elementor-widget elementor-widget-text-editor\" data-id=\"20f9aac1\" data-element_type=\"widget\" data-widget_type=\"text-editor.default\">\n\t\t\t\t<div class=\"elementor-widget-container\">\n\t\t\t\t\t\t\t\t\t<p><a href=\"http:\/\/www.paelo.ca\/en\" target=\"_blank\" rel=\"noopener\">PAELO<\/a>\u2019s 3D Environment is particularly well suited to the industrial and mining sectors, where safety and accessibility are top priorities. By offering a digital alternative to on-the-job training, companies can reduce production interruptions while guaranteeing quality training for their teams.<\/p>\n\t\t\t\t\t\t\t\t<\/div>\n\t\t\t\t<\/div>\n\t\t\t\t<div class=\"elementor-element elementor-element-64159e6e elementor-widget elementor-widget-crysa_service_details\" data-id=\"64159e6e\" data-element_type=\"widget\" data-widget_type=\"crysa_service_details.default\">\n\t\t\t\t<div class=\"elementor-widget-container\">\n\t\t\t\t\t\r\n    <div class=\"services-more\">\r\n\t    <h2>Fonctionnalit\u00e9s populaires<\/h2>\r\n\t    <div class=\"row\">\r\n\t    \t\t        <div class=\"col-lg-6 col-md-6\">\r\n\t            <div class=\"item\">\r\n\t                                        <i class=\"flaticon-select\"><\/i>\r\n                                        \t                <h4><a href=\"https:\/\/paelo.ca\/carnet-de-compagnonnage-interactif\/\">Carnet de compagnonnage interactif<\/a><\/h4>\r\n\t                <p>\r\n\t                   Suivez les comp\u00e9tences avec un carnet num\u00e9rique valid\u00e9 par les instructeurs et les superviseurs.\t                <\/p>\r\n\t            <\/div>\r\n\t        <\/div>\r\n\t        \t        <div class=\"col-lg-6 col-md-6\">\r\n\t            <div class=\"item\">\r\n\t                                        <i class=\"flaticon-qr-code\"><\/i>\r\n                                        \t                <h4><a href=\"https:\/\/validthemes.net\/themeforest\/wp\/crysa\/it-mangement\/\">Lecture de proc\u00e9dures<\/a><\/h4>\r\n\t                <p>\r\n\t                   Consultez et validez vos proc\u00e9dures et FDS avec QR codes et notifications int\u00e9gr\u00e9es.\t                <\/p>\r\n\t            <\/div>\r\n\t        <\/div>\r\n\t        \t    <\/div>\r\n\t<\/div>\r\n\r\n\t\t\t\t\t<\/div>\n\t\t\t\t<\/div>\n\t\t\t\t\t<\/div>\n\t\t<\/div>\n\t\t\t\t\t<\/div>\n\t\t<\/section>\n\t\t\t\t<\/div>\n\t\t","protected":false},"excerpt":{"rendered":"<p>Learn safely in immersive environments With PAELO\u2019s 3D Environment feature, your employees can discover and be trained in an immersive, realistic environment, without the constraints of the field. Whether for training on complex equipment or exploring an industrial site, this technology offers a captivating learning experience. Workers can interact with 3D models, explore every nook [&hellip;]<\/p>\n","protected":false},"author":1,"featured_media":0,"parent":0,"menu_order":0,"comment_status":"closed","ping_status":"closed","template":"","meta":{"om_disable_all_campaigns":false,"_monsterinsights_skip_tracking":false,"_monsterinsights_sitenote_active":false,"_monsterinsights_sitenote_note":"","_monsterinsights_sitenote_category":0,"footnotes":""},"class_list":["post-4371","page","type-page","status-publish","hentry"],"aioseo_notices":[],"_links":{"self":[{"href":"https:\/\/paelo.ca\/en\/wp-json\/wp\/v2\/pages\/4371","targetHints":{"allow":["GET"]}}],"collection":[{"href":"https:\/\/paelo.ca\/en\/wp-json\/wp\/v2\/pages"}],"about":[{"href":"https:\/\/paelo.ca\/en\/wp-json\/wp\/v2\/types\/page"}],"author":[{"embeddable":true,"href":"https:\/\/paelo.ca\/en\/wp-json\/wp\/v2\/users\/1"}],"replies":[{"embeddable":true,"href":"https:\/\/paelo.ca\/en\/wp-json\/wp\/v2\/comments?post=4371"}],"version-history":[{"count":4,"href":"https:\/\/paelo.ca\/en\/wp-json\/wp\/v2\/pages\/4371\/revisions"}],"predecessor-version":[{"id":4446,"href":"https:\/\/paelo.ca\/en\/wp-json\/wp\/v2\/pages\/4371\/revisions\/4446"}],"wp:attachment":[{"href":"https:\/\/paelo.ca\/en\/wp-json\/wp\/v2\/media?parent=4371"}],"curies":[{"name":"wp","href":"https:\/\/api.w.org\/{rel}","templated":true}]}}