{"id":4369,"date":"2024-11-18T12:08:03","date_gmt":"2024-11-18T12:08:03","guid":{"rendered":"https:\/\/paelo.ca\/interactive-companion-book\/"},"modified":"2025-01-20T11:36:23","modified_gmt":"2025-01-20T11:36:23","slug":"interactive-companion-book","status":"publish","type":"page","link":"https:\/\/paelo.ca\/en\/interactive-companion-book\/","title":{"rendered":"Interactive Apprentice Booklet"},"content":{"rendered":"\t\t<div data-elementor-type=\"wp-page\" data-elementor-id=\"4369\" class=\"elementor elementor-4369 elementor-3684\" data-elementor-post-type=\"page\">\n\t\t\t\t\t\t<section class=\"elementor-section elementor-top-section elementor-element elementor-element-281f3d4e elementor-section-boxed elementor-section-height-default elementor-section-height-default\" data-id=\"281f3d4e\" data-element_type=\"section\">\n\t\t\t\t\t\t<div class=\"elementor-container elementor-column-gap-no\">\n\t\t\t\t\t<div class=\"elementor-column elementor-col-100 elementor-top-column elementor-element elementor-element-7f73e8ed\" data-id=\"7f73e8ed\" data-element_type=\"column\">\n\t\t\t<div class=\"elementor-widget-wrap elementor-element-populated\">\n\t\t\t\t\t\t<div class=\"elementor-element elementor-element-27293c15 elementor-widget elementor-widget-image\" data-id=\"27293c15\" data-element_type=\"widget\" data-widget_type=\"image.default\">\n\t\t\t\t<div class=\"elementor-widget-container\">\n\t\t\t\t\t\t\t\t\t\t\t\t\t\t\t<img fetchpriority=\"high\" decoding=\"async\" width=\"2000\" height=\"1333\" src=\"https:\/\/paelo.ca\/wp-content\/uploads\/2024\/11\/Carnet-de-compagnonnage.jpg\" class=\"attachment-full size-full wp-image-4336\" alt=\"\" srcset=\"https:\/\/paelo.ca\/wp-content\/uploads\/2024\/11\/Carnet-de-compagnonnage.jpg 2000w, https:\/\/paelo.ca\/wp-content\/uploads\/2024\/11\/Carnet-de-compagnonnage-300x200.jpg 300w, https:\/\/paelo.ca\/wp-content\/uploads\/2024\/11\/Carnet-de-compagnonnage-1024x682.jpg 1024w, https:\/\/paelo.ca\/wp-content\/uploads\/2024\/11\/Carnet-de-compagnonnage-768x512.jpg 768w, https:\/\/paelo.ca\/wp-content\/uploads\/2024\/11\/Carnet-de-compagnonnage-1536x1024.jpg 1536w, https:\/\/paelo.ca\/wp-content\/uploads\/2024\/11\/Carnet-de-compagnonnage-600x400.jpg 600w\" sizes=\"(max-width: 2000px) 100vw, 2000px\" \/>\t\t\t\t\t\t\t\t\t\t\t\t\t\t\t<\/div>\n\t\t\t\t<\/div>\n\t\t\t\t<div class=\"elementor-element elementor-element-54a9a839 elementor-widget elementor-widget-text-editor\" data-id=\"54a9a839\" data-element_type=\"widget\" data-widget_type=\"text-editor.default\">\n\t\t\t\t<div class=\"elementor-widget-container\">\n\t\t\t\t\t\t\t\t\t<h2>Real-time, paperless skills tracking<\/h2>\n<p><a href=\"www.paelo.ca\/en\" target=\"_blank\" rel=\"noopener\">PAELO<\/a>\u2019s interactive Apprentice Booklet revolutionizes the way apprentices acquire skills. Thanks to detailed tracking and digital validations, instructors and supervisors can easily monitor trainees\u2019 progress. This digital booklet eliminates the hassle<br \/>associated with paper documents, while offering enriched options such as the integration of explanatory videos, images and comments to personalize learning. Ideal for demanding industrial and mining environments.<\/p>\n\t\t\t\t\t\t\t\t<\/div>\n\t\t\t\t<\/div>\n\t\t\t\t<div class=\"elementor-element elementor-element-661e04fc elementor-widget elementor-widget-text-editor\" data-id=\"661e04fc\" data-element_type=\"widget\" data-widget_type=\"text-editor.default\">\n\t\t\t\t<div class=\"elementor-widget-container\">\n\t\t\t\t\t\t\t\t\t<div class=\"features\">\n<div class=\"row\">\n<div class=\"col-lg-6 col-md-6\">\n<div class=\"content\">\n<h3>Services Included<\/h3>\n<ul>\n<li>Progressive apprentice monitoring with mastery indicators<\/li>\n<li>Validation by several supervisors or instructors<\/li>\n<li>Integration of multimedia content (videos, images)<\/li>\n<li>Works on any device (smartphone, tablet, PC)<\/li>\n<\/ul>\n<\/div>\n<\/div>\n<div class=\"col-lg-6 col-md-6\">\n<div class=\"content\">\n<h3>Service Benefits<\/h3>\n<ul>\n<li>Reduce administrative errors<\/li>\n<li>Flexibility thanks to mobile access<\/li>\n<li>Customization for targeted training<\/li>\n<li>Improving retention through interactivity<\/li>\n<\/ul>\n<\/div>\n<\/div>\n<\/div>\n<\/div>\n\t\t\t\t\t\t\t\t<\/div>\n\t\t\t\t<\/div>\n\t\t\t\t<div class=\"elementor-element elementor-element-6f04b82a elementor-widget elementor-widget-text-editor\" data-id=\"6f04b82a\" data-element_type=\"widget\" data-widget_type=\"text-editor.default\">\n\t\t\t\t<div class=\"elementor-widget-container\">\n\t\t\t\t\t\t\t\t\t<p>Thanks to this feature, companies can offer more dynamic and interactive training, while strengthening collaboration between the various<br \/>learning players. Supervisors, instructors and apprentices work together in a structured digital environment, guaranteeing transparent monitoring and continuous adaptation to training needs.<\/p>\n\t\t\t\t\t\t\t\t<\/div>\n\t\t\t\t<\/div>\n\t\t\t\t<div class=\"elementor-element elementor-element-2d0b7950 elementor-widget elementor-widget-crysa_service_details\" data-id=\"2d0b7950\" data-element_type=\"widget\" data-widget_type=\"crysa_service_details.default\">\n\t\t\t\t<div class=\"elementor-widget-container\">\n\t\t\t\t\t\r\n    <div class=\"services-more\">\r\n\t    <h2>Fonctionnalit\u00e9s populaires<\/h2>\r\n\t    <div class=\"row\">\r\n\t    \t\t        <div class=\"col-lg-6 col-md-6\">\r\n\t            <div class=\"item\">\r\n\t                                        <i class=\"flaticon-vr-goggles\"><\/i>\r\n                                        \t                <h4><a href=\"https:\/\/paelo.ca\/environnement-3d\/\">Environnement 3D<\/a><\/h4>\r\n\t                <p>\r\n\t                   Formez \u00e0 distance dans un environnement immersif sans bruit ni poussi\u00e8re.\t                <\/p>\r\n\t            <\/div>\r\n\t        <\/div>\r\n\t        \t        <div class=\"col-lg-6 col-md-6\">\r\n\t            <div class=\"item\">\r\n\t                                        <i class=\"flaticon-dashboard\"><\/i>\r\n                                        \t                <h4><a href=\"https:\/\/validthemes.net\/themeforest\/wp\/crysa\/it-mangement\/\">Rapport d\u2019inspection<\/a><\/h4>\r\n\t                <p>\r\n\t                   G\u00e9n\u00e9rez des rapports d\u00e9taill\u00e9s avec suivi des non-conformit\u00e9s et photos \u00e0 l\u2019appui.\t                <\/p>\r\n\t            <\/div>\r\n\t        <\/div>\r\n\t        \t    <\/div>\r\n\t<\/div>\r\n\r\n\t\t\t\t\t<\/div>\n\t\t\t\t<\/div>\n\t\t\t\t\t<\/div>\n\t\t<\/div>\n\t\t\t\t\t<\/div>\n\t\t<\/section>\n\t\t\t\t<\/div>\n\t\t","protected":false},"excerpt":{"rendered":"<p>Real-time, paperless skills tracking PAELO\u2019s interactive Apprentice Booklet revolutionizes the way apprentices acquire skills. Thanks to detailed tracking and digital validations, instructors and supervisors can easily monitor trainees\u2019 progress. This digital booklet eliminates the hassleassociated with paper documents, while offering enriched options such as the integration of explanatory videos, images and comments to personalize learning. [&hellip;]<\/p>\n","protected":false},"author":1,"featured_media":0,"parent":0,"menu_order":0,"comment_status":"closed","ping_status":"closed","template":"","meta":{"om_disable_all_campaigns":false,"_monsterinsights_skip_tracking":false,"_monsterinsights_sitenote_active":false,"_monsterinsights_sitenote_note":"","_monsterinsights_sitenote_category":0,"footnotes":""},"class_list":["post-4369","page","type-page","status-publish","hentry"],"aioseo_notices":[],"_links":{"self":[{"href":"https:\/\/paelo.ca\/en\/wp-json\/wp\/v2\/pages\/4369","targetHints":{"allow":["GET"]}}],"collection":[{"href":"https:\/\/paelo.ca\/en\/wp-json\/wp\/v2\/pages"}],"about":[{"href":"https:\/\/paelo.ca\/en\/wp-json\/wp\/v2\/types\/page"}],"author":[{"embeddable":true,"href":"https:\/\/paelo.ca\/en\/wp-json\/wp\/v2\/users\/1"}],"replies":[{"embeddable":true,"href":"https:\/\/paelo.ca\/en\/wp-json\/wp\/v2\/comments?post=4369"}],"version-history":[{"count":4,"href":"https:\/\/paelo.ca\/en\/wp-json\/wp\/v2\/pages\/4369\/revisions"}],"predecessor-version":[{"id":4448,"href":"https:\/\/paelo.ca\/en\/wp-json\/wp\/v2\/pages\/4369\/revisions\/4448"}],"wp:attachment":[{"href":"https:\/\/paelo.ca\/en\/wp-json\/wp\/v2\/media?parent=4369"}],"curies":[{"name":"wp","href":"https:\/\/api.w.org\/{rel}","templated":true}]}}